{"id":743,"date":"2024-03-14T14:56:11","date_gmt":"2024-03-14T13:56:11","guid":{"rendered":"https:\/\/davidtrotzig.com\/politica-de-cookies\/"},"modified":"2024-04-09T10:53:18","modified_gmt":"2024-04-09T08:53:18","slug":"politica-de-cookies","status":"publish","type":"page","link":"https:\/\/davidtrotzig.com\/ca\/politica-de-cookies\/","title":{"rendered":"Pol\u00edtica de cookies"},"content":{"rendered":"\n<p>Aquest lloc web, propietat de David Trotzig, psicoterapeuta, utilitza galetes i altres tecnologies similars per millorar la seva experi\u00e8ncia de navegaci\u00f3 i proporcionar-li un servei m\u00e9s personalitzat. En accedir i utilitzar aquest lloc web, vost\u00e8 accepta l\u00fas de cookies dacord amb aquest av\u00eds legal. Si no esteu d&#8217;acord amb l&#8217;\u00fas d&#8217;aquestes galetes, si us plau abstingueu d&#8217;utilitzar aquest lloc web.<\/p>\n\n<h4 class=\"wp-block-heading\">Qu\u00e8 s\u00f3n les galetes?<\/h4>\n\n<p>Les galetes s\u00f3n petits arxius de text que s&#8217;emmagatzemen al dispositiu (ordinador, tauleta, tel\u00e8fon m\u00f2bil, etc.) quan visita un lloc web. Les galetes poden ser utilitzades pel lloc web per recordar informaci\u00f3 sobre les vostres prefer\u00e8ncies de navegaci\u00f3, permetent-vos una experi\u00e8ncia d&#8217;usuari m\u00e9s personalitzada i eficient.<\/p>\n\n<h4 class=\"wp-block-heading\">Tipus de cookies utilitzades<\/h4>\n\n<p>Aquest lloc web pot utilitzar els seg\u00fcents tipus de cookies:<\/p>\n\n<p>\u2022 Cookies essencials: S\u00f3n necess\u00e0ries per al funcionament del lloc web i us permeten navegar per ell i utilitzar les seves funcions b\u00e0siques. Sense aquestes galetes, el lloc web no funcionaria correctament.<\/p>\n\n<p>\u2022 Cookies de rendiment: Recopilen informaci\u00f3 sobre com els visitants utilitzen el lloc web, com quines p\u00e0gines visiten amb m\u00e9s freq\u00fc\u00e8ncia i si experimenten algun error. Aquestes galetes no recopilen informaci\u00f3 que identifiqui el visitant. Tota la informaci\u00f3 recopilada per aquestes galetes \u00e9s agregada i, per tant, an\u00f2nima.<\/p>\n\n<p>\u2022 Cookies de funcionalitat: Permeten al lloc web recordar les eleccions que realitza l&#8217;usuari (com el nom d&#8217;usuari, l&#8217;idioma o la regi\u00f3) i proporcionar caracter\u00edstiques m\u00e9s personalitzades. Tamb\u00e9 es poden utilitzar per proporcionar serveis que heu sol\u00b7licitat, com veure un v\u00eddeo o comentar en un bloc. La informaci\u00f3 recopilada per aquestes galetes pot ser an\u00f2nima i no pot rastrejar la vostra activitat de navegaci\u00f3 en altres llocs web.<\/p>\n\n<p>\u2022 Cookies de publicitat: S&#8217;utilitzen per rastrejar l&#8217;activitat de l&#8217;usuari al llarg del temps a diferents llocs web i crear un perfil dels vostres interessos per mostrar publicitat rellevant. Aquestes cookies poden ser utilitzades per tercers per mostrar publicitat a altres llocs web basada en la seva navegaci\u00f3 en aquest lloc.<\/p>\n\n<h4 class=\"wp-block-heading\">Control de cookies<\/h4>\n\n<p>Vost\u00e8 pot controlar i\/o eliminar les galetes segons ho desitgi.<\/p>\n\n<p>Per a m\u00e9s informaci\u00f3, consulteu la configuraci\u00f3 del vostre navegador web. Tingueu en compte que la desactivaci\u00f3 de certes galetes pot afectar la funcionalitat d&#8217;aquest lloc web.<\/p>\n\n<h4 class=\"wp-block-heading\">Canvis en la pol\u00edtica de cookies<\/h4>\n\n<p>Ens reservem el dret de modificar aquesta pol\u00edtica de cookies en qualsevol moment, per la qual cosa us recomanem que la reviseu peri\u00f2dicament per estar informat sobre com fem servir les cookies.<\/p>\n\n<p>En utilitzar aquest lloc web, vost\u00e8 accepta l\u00fas de cookies dacord amb aquest av\u00eds legal. Si teniu alguna pregunta o inquietud sobre el nostre \u00fas de cookies, si us plau contacteu-nos.<\/p>\n\n<p>Data d&#8217;\u00faltima actualitzaci\u00f3: 14 de mar\u00e7 de 2024<\/p>\n","protected":false},"excerpt":{"rendered":"<p>Aquest lloc web, propietat de David Trotzig, psicoterapeuta, utilitza galetes i altres tecnologies similars per millorar la seva experi\u00e8ncia de navegaci\u00f3 i proporcionar-li un servei m\u00e9s personalitzat. En accedir i utilitzar aquest lloc web, vost\u00e8 accepta l\u00fas de cookies dacord amb aquest av\u00eds legal. Si no esteu d&#8217;acord amb l&#8217;\u00fas d&#8217;aquestes galetes, si us plau [&hellip;]<\/p>\n","protected":false},"author":1,"featured_media":0,"parent":0,"menu_order":0,"comment_status":"closed","ping_status":"closed","template":"","meta":{"_monsterinsights_skip_tracking":false,"_monsterinsights_sitenote_active":false,"_monsterinsights_sitenote_note":"","_monsterinsights_sitenote_category":0,"footnotes":""},"class_list":["post-743","page","type-page","status-publish","hentry"],"yoast_head":"<!-- This site is optimized with the Yoast SEO plugin v22.6 - https:\/\/yoast.com\/wordpress\/plugins\/seo\/ -->\n<title>Pol\u00edtica de cookies - David Trotzig<\/title>\n<meta name=\"robots\" content=\"index, follow, max-snippet:-1, max-image-preview:large, max-video-preview:-1\" \/>\n<link rel=\"canonical\" href=\"https:\/\/davidtrotzig.com\/ca\/politica-de-cookies\/\" \/>\n<meta property=\"og:locale\" content=\"ca_ES\" \/>\n<meta property=\"og:type\" content=\"article\" \/>\n<meta property=\"og:title\" content=\"Pol\u00edtica de cookies - David Trotzig\" \/>\n<meta property=\"og:description\" content=\"Aquest lloc web, propietat de David Trotzig, psicoterapeuta, utilitza galetes i altres tecnologies similars per millorar la seva experi\u00e8ncia de navegaci\u00f3 i proporcionar-li un servei m\u00e9s personalitzat. En accedir i utilitzar aquest lloc web, vost\u00e8 accepta l\u00fas de cookies dacord amb aquest av\u00eds legal. Si no esteu d&#8217;acord amb l&#8217;\u00fas d&#8217;aquestes galetes, si us plau [&hellip;]\" \/>\n<meta property=\"og:url\" content=\"https:\/\/davidtrotzig.com\/ca\/politica-de-cookies\/\" \/>\n<meta property=\"og:site_name\" content=\"David Trotzig\" \/>\n<meta property=\"article:modified_time\" content=\"2024-04-09T08:53:18+00:00\" \/>\n<meta property=\"og:image\" content=\"https:\/\/davidtrotzig.com\/wp-content\/uploads\/2024\/02\/david-trotzig_psicoterapeuta-logo.png\" \/>\n\t<meta property=\"og:image:width\" content=\"1408\" \/>\n\t<meta property=\"og:image:height\" content=\"391\" \/>\n\t<meta property=\"og:image:type\" content=\"image\/png\" \/>\n<meta name=\"twitter:card\" content=\"summary_large_image\" \/>\n<meta name=\"twitter:label1\" content=\"Temps estimat de lectura\" \/>\n\t<meta name=\"twitter:data1\" content=\"2 minuts\" \/>\n<script type=\"application\/ld+json\" class=\"yoast-schema-graph\">{\"@context\":\"https:\/\/schema.org\",\"@graph\":[{\"@type\":\"WebPage\",\"@id\":\"https:\/\/davidtrotzig.com\/ca\/politica-de-cookies\/\",\"url\":\"https:\/\/davidtrotzig.com\/ca\/politica-de-cookies\/\",\"name\":\"Pol\u00edtica de cookies - David Trotzig\",\"isPartOf\":{\"@id\":\"https:\/\/davidtrotzig.com\/ca\/#website\"},\"datePublished\":\"2024-03-14T13:56:11+00:00\",\"dateModified\":\"2024-04-09T08:53:18+00:00\",\"breadcrumb\":{\"@id\":\"https:\/\/davidtrotzig.com\/ca\/politica-de-cookies\/#breadcrumb\"},\"inLanguage\":\"ca\",\"potentialAction\":[{\"@type\":\"ReadAction\",\"target\":[\"https:\/\/davidtrotzig.com\/ca\/politica-de-cookies\/\"]}]},{\"@type\":\"BreadcrumbList\",\"@id\":\"https:\/\/davidtrotzig.com\/ca\/politica-de-cookies\/#breadcrumb\",\"itemListElement\":[{\"@type\":\"ListItem\",\"position\":1,\"name\":\"Portada\",\"item\":\"https:\/\/davidtrotzig.com\/ca\/\"},{\"@type\":\"ListItem\",\"position\":2,\"name\":\"Pol\u00edtica de cookies\"}]},{\"@type\":\"WebSite\",\"@id\":\"https:\/\/davidtrotzig.com\/ca\/#website\",\"url\":\"https:\/\/davidtrotzig.com\/ca\/\",\"name\":\"David Trotzig\",\"description\":\"Psicoterapeuta especializado en terapia del trauma y terapia psicocorporal\",\"potentialAction\":[{\"@type\":\"SearchAction\",\"target\":{\"@type\":\"EntryPoint\",\"urlTemplate\":\"https:\/\/davidtrotzig.com\/ca\/?s={search_term_string}\"},\"query-input\":\"required name=search_term_string\"}],\"inLanguage\":\"ca\"}]}<\/script>\n<!-- \/ Yoast SEO plugin. -->","yoast_head_json":{"title":"Pol\u00edtica de cookies - David Trotzig","robots":{"index":"index","follow":"follow","max-snippet":"max-snippet:-1","max-image-preview":"max-image-preview:large","max-video-preview":"max-video-preview:-1"},"canonical":"https:\/\/davidtrotzig.com\/ca\/politica-de-cookies\/","og_locale":"ca_ES","og_type":"article","og_title":"Pol\u00edtica de cookies - David Trotzig","og_description":"Aquest lloc web, propietat de David Trotzig, psicoterapeuta, utilitza galetes i altres tecnologies similars per millorar la seva experi\u00e8ncia de navegaci\u00f3 i proporcionar-li un servei m\u00e9s personalitzat. En accedir i utilitzar aquest lloc web, vost\u00e8 accepta l\u00fas de cookies dacord amb aquest av\u00eds legal. Si no esteu d&#8217;acord amb l&#8217;\u00fas d&#8217;aquestes galetes, si us plau [&hellip;]","og_url":"https:\/\/davidtrotzig.com\/ca\/politica-de-cookies\/","og_site_name":"David Trotzig","article_modified_time":"2024-04-09T08:53:18+00:00","og_image":[{"width":1408,"height":391,"url":"https:\/\/davidtrotzig.com\/wp-content\/uploads\/2024\/02\/david-trotzig_psicoterapeuta-logo.png","type":"image\/png"}],"twitter_card":"summary_large_image","twitter_misc":{"Temps estimat de lectura":"2 minuts"},"schema":{"@context":"https:\/\/schema.org","@graph":[{"@type":"WebPage","@id":"https:\/\/davidtrotzig.com\/ca\/politica-de-cookies\/","url":"https:\/\/davidtrotzig.com\/ca\/politica-de-cookies\/","name":"Pol\u00edtica de cookies - David Trotzig","isPartOf":{"@id":"https:\/\/davidtrotzig.com\/ca\/#website"},"datePublished":"2024-03-14T13:56:11+00:00","dateModified":"2024-04-09T08:53:18+00:00","breadcrumb":{"@id":"https:\/\/davidtrotzig.com\/ca\/politica-de-cookies\/#breadcrumb"},"inLanguage":"ca","potentialAction":[{"@type":"ReadAction","target":["https:\/\/davidtrotzig.com\/ca\/politica-de-cookies\/"]}]},{"@type":"BreadcrumbList","@id":"https:\/\/davidtrotzig.com\/ca\/politica-de-cookies\/#breadcrumb","itemListElement":[{"@type":"ListItem","position":1,"name":"Portada","item":"https:\/\/davidtrotzig.com\/ca\/"},{"@type":"ListItem","position":2,"name":"Pol\u00edtica de cookies"}]},{"@type":"WebSite","@id":"https:\/\/davidtrotzig.com\/ca\/#website","url":"https:\/\/davidtrotzig.com\/ca\/","name":"David Trotzig","description":"Psicoterapeuta especializado en terapia del trauma y terapia psicocorporal","potentialAction":[{"@type":"SearchAction","target":{"@type":"EntryPoint","urlTemplate":"https:\/\/davidtrotzig.com\/ca\/?s={search_term_string}"},"query-input":"required name=search_term_string"}],"inLanguage":"ca"}]}},"_links":{"self":[{"href":"https:\/\/davidtrotzig.com\/ca\/wp-json\/wp\/v2\/pages\/743","targetHints":{"allow":["GET"]}}],"collection":[{"href":"https:\/\/davidtrotzig.com\/ca\/wp-json\/wp\/v2\/pages"}],"about":[{"href":"https:\/\/davidtrotzig.com\/ca\/wp-json\/wp\/v2\/types\/page"}],"author":[{"embeddable":true,"href":"https:\/\/davidtrotzig.com\/ca\/wp-json\/wp\/v2\/users\/1"}],"replies":[{"embeddable":true,"href":"https:\/\/davidtrotzig.com\/ca\/wp-json\/wp\/v2\/comments?post=743"}],"version-history":[{"count":1,"href":"https:\/\/davidtrotzig.com\/ca\/wp-json\/wp\/v2\/pages\/743\/revisions"}],"predecessor-version":[{"id":744,"href":"https:\/\/davidtrotzig.com\/ca\/wp-json\/wp\/v2\/pages\/743\/revisions\/744"}],"wp:attachment":[{"href":"https:\/\/davidtrotzig.com\/ca\/wp-json\/wp\/v2\/media?parent=743"}],"curies":[{"name":"wp","href":"https:\/\/api.w.org\/{rel}","templated":true}]}}