{"id":986,"date":"2024-03-14T14:56:11","date_gmt":"2024-03-14T13:56:11","guid":{"rendered":"https:\/\/davidtrotzig.com\/politique-de-cookies\/"},"modified":"2024-04-17T20:13:05","modified_gmt":"2024-04-17T18:13:05","slug":"politique-de-cookies","status":"publish","type":"page","link":"https:\/\/davidtrotzig.com\/fr\/politique-de-cookies\/","title":{"rendered":"Politique de cookies"},"content":{"rendered":"\n<p>Ce site Internet, propri\u00e9t\u00e9 de David Trotzig, psychoth\u00e9rapeute, utilise des cookies et autres technologies similaires pour am\u00e9liorer votre exp\u00e9rience de navigation et vous offrir un service plus personnalis\u00e9. En acc\u00e9dant et en utilisant ce site Internet, vous acceptez l&rsquo;utilisation de cookies conform\u00e9ment aux pr\u00e9sentes mentions l\u00e9gales. Si vous n&rsquo;acceptez pas l&rsquo;utilisation de ces cookies, veuillez vous abstenir d&rsquo;utiliser ce site Web.<\/p>\n\n<h4 class=\"wp-block-heading\">Que sont les cookies ?<\/h4>\n\n<p>Les cookies sont de petits fichiers texte qui sont stock\u00e9s sur votre appareil (ordinateur, tablette, t\u00e9l\u00e9phone portable, etc.) lorsque vous visitez un site Internet. Les cookies peuvent \u00eatre utilis\u00e9s par le site Web pour m\u00e9moriser des informations sur vos pr\u00e9f\u00e9rences de navigation, vous permettant ainsi une exp\u00e9rience utilisateur plus personnalis\u00e9e et plus efficace.<\/p>\n\n<h4 class=\"wp-block-heading\">Types de cookies utilis\u00e9s<\/h4>\n\n<p>Ce site Web peut utiliser les types de cookies suivants :<\/p>\n\n<p>\u2022 Cookies essentiels : Ils sont n\u00e9cessaires au fonctionnement du site Internet et vous permettent de naviguer sur celui-ci et d&rsquo;utiliser ses fonctions de base. Sans ces cookies, le site Web ne fonctionnerait pas correctement.<\/p>\n\n<p>\u2022 Cookies de performance\u00a0: ils collectent des informations sur la mani\u00e8re dont les visiteurs utilisent le site Web, telles que les pages qu&rsquo;ils visitent le plus souvent et s&rsquo;ils rencontrent des erreurs. Ces cookies ne collectent pas d&rsquo;informations permettant d&rsquo;identifier le visiteur. Toutes les informations collect\u00e9es par ces cookies sont agr\u00e9g\u00e9es et donc anonymes.<\/p>\n\n<p>\u2022 Cookies de fonctionnalit\u00e9\u00a0: ils permettent au site Web de m\u00e9moriser les choix effectu\u00e9s par l&rsquo;utilisateur (tels que son nom d&rsquo;utilisateur, sa langue ou sa r\u00e9gion) et de fournir des fonctionnalit\u00e9s plus personnalis\u00e9es. Ils peuvent \u00e9galement \u00eatre utilis\u00e9s pour fournir les services que vous avez demand\u00e9s, comme regarder une vid\u00e9o ou commenter un blog. Les informations collect\u00e9es par ces cookies peuvent \u00eatre anonymes et ne peuvent pas suivre votre activit\u00e9 de navigation sur d&rsquo;autres sites Web.<\/p>\n\n<p>\u2022 Cookies publicitaires\u00a0: ils sont utilis\u00e9s pour suivre l&rsquo;activit\u00e9 des utilisateurs au fil du temps sur diff\u00e9rents sites Web et cr\u00e9er un profil de vos int\u00e9r\u00eats pour afficher des publicit\u00e9s pertinentes. Ces cookies peuvent \u00eatre utilis\u00e9s par des tiers pour afficher des publicit\u00e9s sur d&rsquo;autres sites Internet en fonction de votre navigation sur ce site.<\/p>\n\n<h4 class=\"wp-block-heading\">Contr\u00f4le des cookies<\/h4>\n\n<p>Vous pouvez contr\u00f4ler et\/ou supprimer les cookies \u00e0 votre guise.<\/p>\n\n<p>Pour plus d\u2019informations, consultez les param\u00e8tres de votre navigateur Web. Veuillez noter que la d\u00e9sactivation de certains cookies peut affecter la fonctionnalit\u00e9 de ce site Web.<\/p>\n\n<h4 class=\"wp-block-heading\">Modifications de la politique en mati\u00e8re de cookies<\/h4>\n\n<p>Nous nous r\u00e9servons le droit de modifier cette politique en mati\u00e8re de cookies \u00e0 tout moment, nous vous recommandons donc de la consulter p\u00e9riodiquement pour \u00eatre inform\u00e9 de la mani\u00e8re dont nous utilisons les cookies.<\/p>\n\n<p>En utilisant ce site Internet, vous acceptez l&rsquo;utilisation de cookies conform\u00e9ment aux pr\u00e9sentes mentions l\u00e9gales. Si vous avez des questions ou des pr\u00e9occupations concernant notre utilisation des cookies, veuillez nous contacter.<\/p>\n\n<p>Date de derni\u00e8re mise \u00e0 jour : 14 mars 2024<\/p>\n","protected":false},"excerpt":{"rendered":"<p>Ce site Internet, propri\u00e9t\u00e9 de David Trotzig, psychoth\u00e9rapeute, utilise des cookies et autres technologies similaires pour am\u00e9liorer votre exp\u00e9rience de navigation et vous offrir un service plus personnalis\u00e9. En acc\u00e9dant et en utilisant ce site Internet, vous acceptez l&rsquo;utilisation de cookies conform\u00e9ment aux pr\u00e9sentes mentions l\u00e9gales. Si vous n&rsquo;acceptez pas l&rsquo;utilisation de ces cookies, veuillez [&hellip;]<\/p>\n","protected":false},"author":1,"featured_media":0,"parent":0,"menu_order":0,"comment_status":"closed","ping_status":"closed","template":"","meta":{"_monsterinsights_skip_tracking":false,"_monsterinsights_sitenote_active":false,"_monsterinsights_sitenote_note":"","_monsterinsights_sitenote_category":0,"footnotes":""},"class_list":["post-986","page","type-page","status-publish","hentry"],"yoast_head":"<!-- This site is optimized with the Yoast SEO plugin v22.6 - https:\/\/yoast.com\/wordpress\/plugins\/seo\/ -->\n<title>Politique de cookies - David Trotzig<\/title>\n<meta name=\"robots\" content=\"index, follow, max-snippet:-1, max-image-preview:large, max-video-preview:-1\" \/>\n<link rel=\"canonical\" href=\"https:\/\/davidtrotzig.com\/fr\/politique-de-cookies\/\" \/>\n<meta property=\"og:locale\" content=\"fr_FR\" \/>\n<meta property=\"og:type\" content=\"article\" \/>\n<meta property=\"og:title\" content=\"Politique de cookies - David Trotzig\" \/>\n<meta property=\"og:description\" content=\"Ce site Internet, propri\u00e9t\u00e9 de David Trotzig, psychoth\u00e9rapeute, utilise des cookies et autres technologies similaires pour am\u00e9liorer votre exp\u00e9rience de navigation et vous offrir un service plus personnalis\u00e9. En acc\u00e9dant et en utilisant ce site Internet, vous acceptez l&rsquo;utilisation de cookies conform\u00e9ment aux pr\u00e9sentes mentions l\u00e9gales. Si vous n&rsquo;acceptez pas l&rsquo;utilisation de ces cookies, veuillez [&hellip;]\" \/>\n<meta property=\"og:url\" content=\"https:\/\/davidtrotzig.com\/fr\/politique-de-cookies\/\" \/>\n<meta property=\"og:site_name\" content=\"David Trotzig\" \/>\n<meta property=\"article:modified_time\" content=\"2024-04-17T18:13:05+00:00\" \/>\n<meta property=\"og:image\" content=\"https:\/\/davidtrotzig.com\/wp-content\/uploads\/2024\/02\/david-trotzig_psicoterapeuta-logo.png\" \/>\n\t<meta property=\"og:image:width\" content=\"1408\" \/>\n\t<meta property=\"og:image:height\" content=\"391\" \/>\n\t<meta property=\"og:image:type\" content=\"image\/png\" \/>\n<meta name=\"twitter:card\" content=\"summary_large_image\" \/>\n<meta name=\"twitter:label1\" content=\"Dur\u00e9e de lecture estim\u00e9e\" \/>\n\t<meta name=\"twitter:data1\" content=\"3 minutes\" \/>\n<script type=\"application\/ld+json\" class=\"yoast-schema-graph\">{\"@context\":\"https:\/\/schema.org\",\"@graph\":[{\"@type\":\"WebPage\",\"@id\":\"https:\/\/davidtrotzig.com\/fr\/politique-de-cookies\/\",\"url\":\"https:\/\/davidtrotzig.com\/fr\/politique-de-cookies\/\",\"name\":\"Politique de cookies - David Trotzig\",\"isPartOf\":{\"@id\":\"https:\/\/davidtrotzig.com\/fr\/#website\"},\"datePublished\":\"2024-03-14T13:56:11+00:00\",\"dateModified\":\"2024-04-17T18:13:05+00:00\",\"breadcrumb\":{\"@id\":\"https:\/\/davidtrotzig.com\/fr\/politique-de-cookies\/#breadcrumb\"},\"inLanguage\":\"fr-FR\",\"potentialAction\":[{\"@type\":\"ReadAction\",\"target\":[\"https:\/\/davidtrotzig.com\/fr\/politique-de-cookies\/\"]}]},{\"@type\":\"BreadcrumbList\",\"@id\":\"https:\/\/davidtrotzig.com\/fr\/politique-de-cookies\/#breadcrumb\",\"itemListElement\":[{\"@type\":\"ListItem\",\"position\":1,\"name\":\"Portada\",\"item\":\"https:\/\/davidtrotzig.com\/fr\/\"},{\"@type\":\"ListItem\",\"position\":2,\"name\":\"Politique de cookies\"}]},{\"@type\":\"WebSite\",\"@id\":\"https:\/\/davidtrotzig.com\/fr\/#website\",\"url\":\"https:\/\/davidtrotzig.com\/fr\/\",\"name\":\"David Trotzig\",\"description\":\"Psicoterapeuta especializado en terapia del trauma y terapia psicocorporal\",\"potentialAction\":[{\"@type\":\"SearchAction\",\"target\":{\"@type\":\"EntryPoint\",\"urlTemplate\":\"https:\/\/davidtrotzig.com\/fr\/?s={search_term_string}\"},\"query-input\":\"required name=search_term_string\"}],\"inLanguage\":\"fr-FR\"}]}<\/script>\n<!-- \/ Yoast SEO plugin. -->","yoast_head_json":{"title":"Politique de cookies - David Trotzig","robots":{"index":"index","follow":"follow","max-snippet":"max-snippet:-1","max-image-preview":"max-image-preview:large","max-video-preview":"max-video-preview:-1"},"canonical":"https:\/\/davidtrotzig.com\/fr\/politique-de-cookies\/","og_locale":"fr_FR","og_type":"article","og_title":"Politique de cookies - David Trotzig","og_description":"Ce site Internet, propri\u00e9t\u00e9 de David Trotzig, psychoth\u00e9rapeute, utilise des cookies et autres technologies similaires pour am\u00e9liorer votre exp\u00e9rience de navigation et vous offrir un service plus personnalis\u00e9. En acc\u00e9dant et en utilisant ce site Internet, vous acceptez l&rsquo;utilisation de cookies conform\u00e9ment aux pr\u00e9sentes mentions l\u00e9gales. Si vous n&rsquo;acceptez pas l&rsquo;utilisation de ces cookies, veuillez [&hellip;]","og_url":"https:\/\/davidtrotzig.com\/fr\/politique-de-cookies\/","og_site_name":"David Trotzig","article_modified_time":"2024-04-17T18:13:05+00:00","og_image":[{"width":1408,"height":391,"url":"https:\/\/davidtrotzig.com\/wp-content\/uploads\/2024\/02\/david-trotzig_psicoterapeuta-logo.png","type":"image\/png"}],"twitter_card":"summary_large_image","twitter_misc":{"Dur\u00e9e de lecture estim\u00e9e":"3 minutes"},"schema":{"@context":"https:\/\/schema.org","@graph":[{"@type":"WebPage","@id":"https:\/\/davidtrotzig.com\/fr\/politique-de-cookies\/","url":"https:\/\/davidtrotzig.com\/fr\/politique-de-cookies\/","name":"Politique de cookies - David Trotzig","isPartOf":{"@id":"https:\/\/davidtrotzig.com\/fr\/#website"},"datePublished":"2024-03-14T13:56:11+00:00","dateModified":"2024-04-17T18:13:05+00:00","breadcrumb":{"@id":"https:\/\/davidtrotzig.com\/fr\/politique-de-cookies\/#breadcrumb"},"inLanguage":"fr-FR","potentialAction":[{"@type":"ReadAction","target":["https:\/\/davidtrotzig.com\/fr\/politique-de-cookies\/"]}]},{"@type":"BreadcrumbList","@id":"https:\/\/davidtrotzig.com\/fr\/politique-de-cookies\/#breadcrumb","itemListElement":[{"@type":"ListItem","position":1,"name":"Portada","item":"https:\/\/davidtrotzig.com\/fr\/"},{"@type":"ListItem","position":2,"name":"Politique de cookies"}]},{"@type":"WebSite","@id":"https:\/\/davidtrotzig.com\/fr\/#website","url":"https:\/\/davidtrotzig.com\/fr\/","name":"David Trotzig","description":"Psicoterapeuta especializado en terapia del trauma y terapia psicocorporal","potentialAction":[{"@type":"SearchAction","target":{"@type":"EntryPoint","urlTemplate":"https:\/\/davidtrotzig.com\/fr\/?s={search_term_string}"},"query-input":"required name=search_term_string"}],"inLanguage":"fr-FR"}]}},"_links":{"self":[{"href":"https:\/\/davidtrotzig.com\/fr\/wp-json\/wp\/v2\/pages\/986","targetHints":{"allow":["GET"]}}],"collection":[{"href":"https:\/\/davidtrotzig.com\/fr\/wp-json\/wp\/v2\/pages"}],"about":[{"href":"https:\/\/davidtrotzig.com\/fr\/wp-json\/wp\/v2\/types\/page"}],"author":[{"embeddable":true,"href":"https:\/\/davidtrotzig.com\/fr\/wp-json\/wp\/v2\/users\/1"}],"replies":[{"embeddable":true,"href":"https:\/\/davidtrotzig.com\/fr\/wp-json\/wp\/v2\/comments?post=986"}],"version-history":[{"count":1,"href":"https:\/\/davidtrotzig.com\/fr\/wp-json\/wp\/v2\/pages\/986\/revisions"}],"predecessor-version":[{"id":987,"href":"https:\/\/davidtrotzig.com\/fr\/wp-json\/wp\/v2\/pages\/986\/revisions\/987"}],"wp:attachment":[{"href":"https:\/\/davidtrotzig.com\/fr\/wp-json\/wp\/v2\/media?parent=986"}],"curies":[{"name":"wp","href":"https:\/\/api.w.org\/{rel}","templated":true}]}}