{"id":927,"date":"2024-03-11T13:31:28","date_gmt":"2024-03-11T12:31:28","guid":{"rendered":"https:\/\/davidtrotzig.com\/artiklar-och-publikationer\/"},"modified":"2024-04-30T15:19:38","modified_gmt":"2024-04-30T13:19:38","slug":"artiklar-och-publikationer","status":"publish","type":"page","link":"https:\/\/davidtrotzig.com\/sv\/artiklar-och-publikationer\/","title":{"rendered":"Artiklar och publikationer"},"content":{"rendered":"\t\t<div data-elementor-type=\"wp-page\" data-elementor-id=\"927\" class=\"elementor elementor-927 elementor-296\" data-elementor-post-type=\"page\">\n\t\t\t\t<div class=\"elementor-element elementor-element-86d8685 e-con-full e-flex e-con e-parent\" data-id=\"86d8685\" data-element_type=\"container\">\n\t\t<div class=\"elementor-element elementor-element-d65fd14 e-con-full e-flex e-con e-child\" data-id=\"d65fd14\" data-element_type=\"container\">\n\t\t\t\t<div class=\"elementor-element elementor-element-76eff6a elementor-widget__width-initial elementor-widget-tablet__width-inherit elementor-widget elementor-widget-heading\" data-id=\"76eff6a\" data-element_type=\"widget\" data-widget_type=\"heading.default\">\n\t\t\t\t<div class=\"elementor-widget-container\">\n\t\t\t<style>\/*! elementor - v3.21.0 - 08-05-2024 *\/\n.elementor-heading-title{padding:0;margin:0;line-height:1}.elementor-widget-heading .elementor-heading-title[class*=elementor-size-]>a{color:inherit;font-size:inherit;line-height:inherit}.elementor-widget-heading .elementor-heading-title.elementor-size-small{font-size:15px}.elementor-widget-heading .elementor-heading-title.elementor-size-medium{font-size:19px}.elementor-widget-heading .elementor-heading-title.elementor-size-large{font-size:29px}.elementor-widget-heading .elementor-heading-title.elementor-size-xl{font-size:39px}.elementor-widget-heading .elementor-heading-title.elementor-size-xxl{font-size:59px}<\/style><h1 class=\"elementor-heading-title elementor-size-default\">Artiklar och publikationer<\/h1>\t\t<\/div>\n\t\t\t\t<\/div>\n\t\t\t\t<\/div>\n\t\t<div class=\"elementor-element elementor-element-f15bd67 e-con-full e-flex e-con e-child\" data-id=\"f15bd67\" data-element_type=\"container\" data-settings=\"{&quot;background_background&quot;:&quot;classic&quot;}\">\n\t\t\t\t<\/div>\n\t\t\t\t<\/div>\n\t\t<div class=\"elementor-element elementor-element-ef5d5b2 e-flex e-con-boxed e-con e-parent\" data-id=\"ef5d5b2\" data-element_type=\"container\">\n\t\t\t\t\t<div class=\"e-con-inner\">\n\t\t\t\t<div class=\"elementor-element elementor-element-d68afff elementor-widget elementor-widget-heading\" data-id=\"d68afff\" data-element_type=\"widget\" data-widget_type=\"heading.default\">\n\t\t\t\t<div class=\"elementor-widget-container\">\n\t\t\t<h2 class=\"elementor-heading-title elementor-size-default\">Egna artiklar<\/h2>\t\t<\/div>\n\t\t\t\t<\/div>\n\t\t\t\t<div class=\"elementor-element elementor-element-33ef7d2 elementor-widget elementor-widget-jet-listing-dynamic-repeater\" data-id=\"33ef7d2\" data-element_type=\"widget\" data-widget_type=\"jet-listing-dynamic-repeater.default\">\n\t\t\t\t<div class=\"elementor-widget-container\">\n\t\t\t<div class=\"jet-listing jet-listing-dynamic-repeater\"><div class=\"jet-listing-dynamic-repeater__items has-counter counter--at-left\"><div class=\"jet-listing-dynamic-repeater__item\"><div class=\"jet-listing-dynamic-repeater__counter\">1 <\/div><div class=\"jet-listing-dynamic-repeater__body\"><a href=\"https:\/\/www.ibpj.org\/issues\/articles\/David%20Trotzig%20-%20Practical%20Ethics.pdf\" target=\"_blank\">Practical Ethics (2020)<\/a><\/div><\/div><div class=\"jet-listing-dynamic-repeater__item\"><div class=\"jet-listing-dynamic-repeater__counter\">2 <\/div><div class=\"jet-listing-dynamic-repeater__body\"><a href=\"https:\/\/davidtrotzig.com\/las-cuatro-fases\" target=\"_blank\">Las cuatro fases de la regulaci\u00f3n di\u00e1dica, una perspectiva neurobiol\u00f3gica<\/a><\/div><\/div><\/div><\/div>\t\t<\/div>\n\t\t\t\t<\/div>\n\t\t\t\t<div class=\"elementor-element elementor-element-31222ef elementor-widget elementor-widget-spacer\" data-id=\"31222ef\" data-element_type=\"widget\" data-widget_type=\"spacer.default\">\n\t\t\t\t<div class=\"elementor-widget-container\">\n\t\t\t<style>\/*! elementor - v3.21.0 - 08-05-2024 *\/\n.elementor-column .elementor-spacer-inner{height:var(--spacer-size)}.e-con{--container-widget-width:100%}.e-con-inner>.elementor-widget-spacer,.e-con>.elementor-widget-spacer{width:var(--container-widget-width,var(--spacer-size));--align-self:var(--container-widget-align-self,initial);--flex-shrink:0}.e-con-inner>.elementor-widget-spacer>.elementor-widget-container,.e-con>.elementor-widget-spacer>.elementor-widget-container{height:100%;width:100%}.e-con-inner>.elementor-widget-spacer>.elementor-widget-container>.elementor-spacer,.e-con>.elementor-widget-spacer>.elementor-widget-container>.elementor-spacer{height:100%}.e-con-inner>.elementor-widget-spacer>.elementor-widget-container>.elementor-spacer>.elementor-spacer-inner,.e-con>.elementor-widget-spacer>.elementor-widget-container>.elementor-spacer>.elementor-spacer-inner{height:var(--container-widget-height,var(--spacer-size))}.e-con-inner>.elementor-widget-spacer.elementor-widget-empty,.e-con>.elementor-widget-spacer.elementor-widget-empty{position:relative;min-height:22px;min-width:22px}.e-con-inner>.elementor-widget-spacer.elementor-widget-empty .elementor-widget-empty-icon,.e-con>.elementor-widget-spacer.elementor-widget-empty .elementor-widget-empty-icon{position:absolute;top:0;bottom:0;left:0;right:0;margin:auto;padding:0;width:22px;height:22px}<\/style>\t\t<div class=\"elementor-spacer\">\n\t\t\t<div class=\"elementor-spacer-inner\"><\/div>\n\t\t<\/div>\n\t\t\t\t<\/div>\n\t\t\t\t<\/div>\n\t\t\t\t<div class=\"elementor-element elementor-element-c112e3e elementor-widget elementor-widget-heading\" data-id=\"c112e3e\" data-element_type=\"widget\" data-widget_type=\"heading.default\">\n\t\t\t\t<div class=\"elementor-widget-container\">\n\t\t\t<h2 class=\"elementor-heading-title elementor-size-default\">Publikationer av intresse<\/h2>\t\t<\/div>\n\t\t\t\t<\/div>\n\t\t\t\t<div class=\"elementor-element elementor-element-ef81af2 elementor-widget elementor-widget-jet-listing-dynamic-repeater\" data-id=\"ef81af2\" data-element_type=\"widget\" data-widget_type=\"jet-listing-dynamic-repeater.default\">\n\t\t\t\t<div class=\"elementor-widget-container\">\n\t\t\t<div class=\"jet-listing jet-listing-dynamic-repeater\"><div class=\"jet-listing-dynamic-repeater__items has-counter counter--at-left\"><div class=\"jet-listing-dynamic-repeater__item\"><div class=\"jet-listing-dynamic-repeater__counter\">1 <\/div><div class=\"jet-listing-dynamic-repeater__body\"><a href=\"https:\/\/selfdeterminationtheory.org\/SDT\/documents\/2000_RyanDeci_SDT.pdf\" target=\"_blank\">Self-determination theory and the facilitation of intrinsic motivation, social development, and well-being<\/a><\/div><\/div><\/div><\/div>\t\t<\/div>\n\t\t\t\t<\/div>\n\t\t\t\t\t<\/div>\n\t\t\t\t<\/div>\n\t\t\t\t<\/div>\n\t\t","protected":false},"excerpt":{"rendered":"<p>Artiklar och publikationer Egna artiklar Publikationer av intresse<\/p>\n","protected":false},"author":1,"featured_media":703,"parent":0,"menu_order":0,"comment_status":"closed","ping_status":"closed","template":"","meta":{"_monsterinsights_skip_tracking":false,"_monsterinsights_sitenote_active":false,"_monsterinsights_sitenote_note":"","_monsterinsights_sitenote_category":0,"footnotes":""},"class_list":["post-927","page","type-page","status-publish","has-post-thumbnail","hentry"],"yoast_head":"<!-- This site is optimized with the Yoast SEO plugin v22.6 - https:\/\/yoast.com\/wordpress\/plugins\/seo\/ -->\n<title>Artiklar och publikationer - David Trotzig<\/title>\n<meta name=\"robots\" content=\"index, follow, max-snippet:-1, max-image-preview:large, max-video-preview:-1\" \/>\n<link rel=\"canonical\" href=\"https:\/\/davidtrotzig.com\/sv\/artiklar-och-publikationer\/\" \/>\n<meta property=\"og:locale\" content=\"sv_SE\" \/>\n<meta property=\"og:type\" content=\"article\" \/>\n<meta property=\"og:title\" content=\"Artiklar och publikationer - David Trotzig\" \/>\n<meta property=\"og:description\" content=\"Artiklar och publikationer Egna artiklar Publikationer av intresse\" \/>\n<meta property=\"og:url\" content=\"https:\/\/davidtrotzig.com\/sv\/artiklar-och-publikationer\/\" \/>\n<meta property=\"og:site_name\" content=\"David Trotzig\" \/>\n<meta property=\"article:modified_time\" content=\"2024-04-30T13:19:38+00:00\" \/>\n<meta property=\"og:image\" content=\"https:\/\/davidtrotzig.com\/wp-content\/uploads\/2024\/03\/david-trotzig_articulos.jpeg\" \/>\n\t<meta property=\"og:image:width\" content=\"1200\" \/>\n\t<meta property=\"og:image:height\" content=\"1600\" \/>\n\t<meta property=\"og:image:type\" content=\"image\/jpeg\" \/>\n<meta name=\"twitter:card\" content=\"summary_large_image\" \/>\n<script type=\"application\/ld+json\" class=\"yoast-schema-graph\">{\"@context\":\"https:\/\/schema.org\",\"@graph\":[{\"@type\":\"WebPage\",\"@id\":\"https:\/\/davidtrotzig.com\/sv\/artiklar-och-publikationer\/\",\"url\":\"https:\/\/davidtrotzig.com\/sv\/artiklar-och-publikationer\/\",\"name\":\"Artiklar och publikationer - David Trotzig\",\"isPartOf\":{\"@id\":\"https:\/\/davidtrotzig.com\/sv\/#website\"},\"primaryImageOfPage\":{\"@id\":\"https:\/\/davidtrotzig.com\/sv\/artiklar-och-publikationer\/#primaryimage\"},\"image\":{\"@id\":\"https:\/\/davidtrotzig.com\/sv\/artiklar-och-publikationer\/#primaryimage\"},\"thumbnailUrl\":\"https:\/\/davidtrotzig.com\/wp-content\/uploads\/2024\/03\/david-trotzig_articulos.jpeg\",\"datePublished\":\"2024-03-11T12:31:28+00:00\",\"dateModified\":\"2024-04-30T13:19:38+00:00\",\"breadcrumb\":{\"@id\":\"https:\/\/davidtrotzig.com\/sv\/artiklar-och-publikationer\/#breadcrumb\"},\"inLanguage\":\"sv-SE\",\"potentialAction\":[{\"@type\":\"ReadAction\",\"target\":[\"https:\/\/davidtrotzig.com\/sv\/artiklar-och-publikationer\/\"]}]},{\"@type\":\"ImageObject\",\"inLanguage\":\"sv-SE\",\"@id\":\"https:\/\/davidtrotzig.com\/sv\/artiklar-och-publikationer\/#primaryimage\",\"url\":\"https:\/\/davidtrotzig.com\/wp-content\/uploads\/2024\/03\/david-trotzig_articulos.jpeg\",\"contentUrl\":\"https:\/\/davidtrotzig.com\/wp-content\/uploads\/2024\/03\/david-trotzig_articulos.jpeg\",\"width\":1200,\"height\":1600},{\"@type\":\"BreadcrumbList\",\"@id\":\"https:\/\/davidtrotzig.com\/sv\/artiklar-och-publikationer\/#breadcrumb\",\"itemListElement\":[{\"@type\":\"ListItem\",\"position\":1,\"name\":\"Portada\",\"item\":\"https:\/\/davidtrotzig.com\/sv\/\"},{\"@type\":\"ListItem\",\"position\":2,\"name\":\"Artiklar och publikationer\"}]},{\"@type\":\"WebSite\",\"@id\":\"https:\/\/davidtrotzig.com\/sv\/#website\",\"url\":\"https:\/\/davidtrotzig.com\/sv\/\",\"name\":\"David Trotzig\",\"description\":\"Psicoterapeuta especializado en terapia del trauma y terapia psicocorporal\",\"potentialAction\":[{\"@type\":\"SearchAction\",\"target\":{\"@type\":\"EntryPoint\",\"urlTemplate\":\"https:\/\/davidtrotzig.com\/sv\/?s={search_term_string}\"},\"query-input\":\"required name=search_term_string\"}],\"inLanguage\":\"sv-SE\"}]}<\/script>\n<!-- \/ Yoast SEO plugin. -->","yoast_head_json":{"title":"Artiklar och publikationer - David Trotzig","robots":{"index":"index","follow":"follow","max-snippet":"max-snippet:-1","max-image-preview":"max-image-preview:large","max-video-preview":"max-video-preview:-1"},"canonical":"https:\/\/davidtrotzig.com\/sv\/artiklar-och-publikationer\/","og_locale":"sv_SE","og_type":"article","og_title":"Artiklar och publikationer - David Trotzig","og_description":"Artiklar och publikationer Egna artiklar Publikationer av intresse","og_url":"https:\/\/davidtrotzig.com\/sv\/artiklar-och-publikationer\/","og_site_name":"David Trotzig","article_modified_time":"2024-04-30T13:19:38+00:00","og_image":[{"width":1200,"height":1600,"url":"https:\/\/davidtrotzig.com\/wp-content\/uploads\/2024\/03\/david-trotzig_articulos.jpeg","type":"image\/jpeg"}],"twitter_card":"summary_large_image","schema":{"@context":"https:\/\/schema.org","@graph":[{"@type":"WebPage","@id":"https:\/\/davidtrotzig.com\/sv\/artiklar-och-publikationer\/","url":"https:\/\/davidtrotzig.com\/sv\/artiklar-och-publikationer\/","name":"Artiklar och publikationer - David Trotzig","isPartOf":{"@id":"https:\/\/davidtrotzig.com\/sv\/#website"},"primaryImageOfPage":{"@id":"https:\/\/davidtrotzig.com\/sv\/artiklar-och-publikationer\/#primaryimage"},"image":{"@id":"https:\/\/davidtrotzig.com\/sv\/artiklar-och-publikationer\/#primaryimage"},"thumbnailUrl":"https:\/\/davidtrotzig.com\/wp-content\/uploads\/2024\/03\/david-trotzig_articulos.jpeg","datePublished":"2024-03-11T12:31:28+00:00","dateModified":"2024-04-30T13:19:38+00:00","breadcrumb":{"@id":"https:\/\/davidtrotzig.com\/sv\/artiklar-och-publikationer\/#breadcrumb"},"inLanguage":"sv-SE","potentialAction":[{"@type":"ReadAction","target":["https:\/\/davidtrotzig.com\/sv\/artiklar-och-publikationer\/"]}]},{"@type":"ImageObject","inLanguage":"sv-SE","@id":"https:\/\/davidtrotzig.com\/sv\/artiklar-och-publikationer\/#primaryimage","url":"https:\/\/davidtrotzig.com\/wp-content\/uploads\/2024\/03\/david-trotzig_articulos.jpeg","contentUrl":"https:\/\/davidtrotzig.com\/wp-content\/uploads\/2024\/03\/david-trotzig_articulos.jpeg","width":1200,"height":1600},{"@type":"BreadcrumbList","@id":"https:\/\/davidtrotzig.com\/sv\/artiklar-och-publikationer\/#breadcrumb","itemListElement":[{"@type":"ListItem","position":1,"name":"Portada","item":"https:\/\/davidtrotzig.com\/sv\/"},{"@type":"ListItem","position":2,"name":"Artiklar och publikationer"}]},{"@type":"WebSite","@id":"https:\/\/davidtrotzig.com\/sv\/#website","url":"https:\/\/davidtrotzig.com\/sv\/","name":"David Trotzig","description":"Psicoterapeuta especializado en terapia del trauma y terapia psicocorporal","potentialAction":[{"@type":"SearchAction","target":{"@type":"EntryPoint","urlTemplate":"https:\/\/davidtrotzig.com\/sv\/?s={search_term_string}"},"query-input":"required name=search_term_string"}],"inLanguage":"sv-SE"}]}},"_links":{"self":[{"href":"https:\/\/davidtrotzig.com\/sv\/wp-json\/wp\/v2\/pages\/927","targetHints":{"allow":["GET"]}}],"collection":[{"href":"https:\/\/davidtrotzig.com\/sv\/wp-json\/wp\/v2\/pages"}],"about":[{"href":"https:\/\/davidtrotzig.com\/sv\/wp-json\/wp\/v2\/types\/page"}],"author":[{"embeddable":true,"href":"https:\/\/davidtrotzig.com\/sv\/wp-json\/wp\/v2\/users\/1"}],"replies":[{"embeddable":true,"href":"https:\/\/davidtrotzig.com\/sv\/wp-json\/wp\/v2\/comments?post=927"}],"version-history":[{"count":7,"href":"https:\/\/davidtrotzig.com\/sv\/wp-json\/wp\/v2\/pages\/927\/revisions"}],"predecessor-version":[{"id":1153,"href":"https:\/\/davidtrotzig.com\/sv\/wp-json\/wp\/v2\/pages\/927\/revisions\/1153"}],"wp:featuredmedia":[{"embeddable":true,"href":"https:\/\/davidtrotzig.com\/sv\/wp-json\/wp\/v2\/media\/703"}],"wp:attachment":[{"href":"https:\/\/davidtrotzig.com\/sv\/wp-json\/wp\/v2\/media?parent=927"}],"curies":[{"name":"wp","href":"https:\/\/api.w.org\/{rel}","templated":true}]}}