{"id":931,"date":"2024-03-14T14:56:11","date_gmt":"2024-03-14T13:56:11","guid":{"rendered":"https:\/\/davidtrotzig.com\/cookies-policy\/"},"modified":"2024-04-15T13:12:44","modified_gmt":"2024-04-15T11:12:44","slug":"cookies-policy","status":"publish","type":"page","link":"https:\/\/davidtrotzig.com\/sv\/cookies-policy\/","title":{"rendered":"Cookies policy"},"content":{"rendered":"\n<p>Denna webbplats, som \u00e4gs av David Trotzig, psykoterapeut, anv\u00e4nder cookies och andra liknande tekniker f\u00f6r att f\u00f6rb\u00e4ttra din webbupplevelse och ge dig en mer personlig service. Genom att komma \u00e5t och anv\u00e4nda denna webbplats samtycker du till anv\u00e4ndningen av cookies i enlighet med detta juridiska meddelande. Om du inte samtycker till anv\u00e4ndningen av dessa cookies, v\u00e4nligen avst\u00e5 fr\u00e5n att anv\u00e4nda denna webbplats.<\/p>\n\n<h4 class=\"wp-block-heading\">Vad \u00e4r cookies?<\/h4>\n\n<p>Cookies \u00e4r sm\u00e5 textfiler som lagras p\u00e5 din enhet (dator, surfplatta, mobiltelefon etc.) n\u00e4r du bes\u00f6ker en webbplats. Cookies kan anv\u00e4ndas av webbplatsen f\u00f6r att komma ih\u00e5g information om dina surfpreferenser, vilket ger dig en mer personlig och effektiv anv\u00e4ndarupplevelse.<\/p>\n\n<h4 class=\"wp-block-heading\">Typer av cookies som anv\u00e4nds<\/h4>\n\n<p>Denna webbplats kan anv\u00e4nda f\u00f6ljande typer av cookies:<\/p>\n\n<p>\u2022 N\u00f6dv\u00e4ndiga cookies: De \u00e4r n\u00f6dv\u00e4ndiga f\u00f6r driften av webbplatsen och l\u00e5ter dig navigera genom den och anv\u00e4nda dess grundl\u00e4ggande funktioner. Utan dessa cookies skulle webbplatsen inte fungera korrekt.<\/p>\n\n<p>\u2022 Prestandacookies: Dessa samlar in information om hur bes\u00f6kare anv\u00e4nder webbplatsen, s\u00e5som vilka sidor de bes\u00f6ker oftast och om de upplever n\u00e5gra fel. Dessa cookies samlar inte in information som identifierar bes\u00f6karen. All information som samlas in av dessa cookies \u00e4r aggregerad och d\u00e4rf\u00f6r anonym.<\/p>\n\n<p>\u2022 Funktionscookies: De till\u00e5ter webbplatsen att komma ih\u00e5g de val anv\u00e4ndaren g\u00f6r (som anv\u00e4ndarnamn, spr\u00e5k eller region) och ger mer personliga funktioner. De kan ocks\u00e5 anv\u00e4ndas f\u00f6r att tillhandah\u00e5lla tj\u00e4nster som du har beg\u00e4rt, som att titta p\u00e5 en video eller kommentera en blogg. Informationen som samlas in av dessa cookies kan vara anonym och kan inte sp\u00e5ra din surfaktivitet p\u00e5 andra webbplatser.<\/p>\n\n<p>\u2022 Annonscookies: Dessa anv\u00e4nds f\u00f6r att sp\u00e5ra anv\u00e4ndaraktivitet \u00f6ver tid p\u00e5 olika webbplatser och skapa en profil \u00f6ver dina intressen f\u00f6r att visa relevant reklam. Dessa cookies kan anv\u00e4ndas av tredje part f\u00f6r att visa reklam p\u00e5 andra webbplatser baserat p\u00e5 din navigering p\u00e5 denna webbplats.<\/p>\n\n<h4 class=\"wp-block-heading\">Cookie kontroll<\/h4>\n\n<p>Du kan kontrollera och\/eller radera cookies som du vill.<\/p>\n\n<p>Mer information finns i din webbl\u00e4sares inst\u00e4llningar. Observera att inaktivering av vissa cookies kan p\u00e5verka funktionen p\u00e5 denna webbplats.<\/p>\n\n<h4 class=\"wp-block-heading\">\u00c4ndringar i cookiepolicyn<\/h4>\n\n<p>Vi f\u00f6rbeh\u00e5ller oss r\u00e4tten att \u00e4ndra denna cookiepolicy n\u00e4r som helst, s\u00e5 vi rekommenderar att du granskar den med j\u00e4mna mellanrum f\u00f6r att bli informerad om hur vi anv\u00e4nder cookies.<\/p>\n\n<p>Genom att anv\u00e4nda denna webbplats samtycker du till anv\u00e4ndningen av cookies i enlighet med detta juridiska meddelande. Om du har n\u00e5gra fr\u00e5gor eller funderingar kring v\u00e5r anv\u00e4ndning av cookies, v\u00e4nligen kontakta oss.<\/p>\n\n<p>Senaste uppdatering: 14 mars 2024<\/p>\n","protected":false},"excerpt":{"rendered":"<p>Denna webbplats, som \u00e4gs av David Trotzig, psykoterapeut, anv\u00e4nder cookies och andra liknande tekniker f\u00f6r att f\u00f6rb\u00e4ttra din webbupplevelse och ge dig en mer personlig service. Genom att komma \u00e5t och anv\u00e4nda denna webbplats samtycker du till anv\u00e4ndningen av cookies i enlighet med detta juridiska meddelande. Om du inte samtycker till anv\u00e4ndningen av dessa cookies, [&hellip;]<\/p>\n","protected":false},"author":1,"featured_media":0,"parent":0,"menu_order":0,"comment_status":"closed","ping_status":"closed","template":"","meta":{"_monsterinsights_skip_tracking":false,"_monsterinsights_sitenote_active":false,"_monsterinsights_sitenote_note":"","_monsterinsights_sitenote_category":0,"footnotes":""},"class_list":["post-931","page","type-page","status-publish","hentry"],"yoast_head":"<!-- This site is optimized with the Yoast SEO plugin v22.6 - https:\/\/yoast.com\/wordpress\/plugins\/seo\/ -->\n<title>Cookies policy - David Trotzig<\/title>\n<meta name=\"robots\" content=\"index, follow, max-snippet:-1, max-image-preview:large, max-video-preview:-1\" \/>\n<link rel=\"canonical\" href=\"https:\/\/davidtrotzig.com\/sv\/cookies-policy\/\" \/>\n<meta property=\"og:locale\" content=\"sv_SE\" \/>\n<meta property=\"og:type\" content=\"article\" \/>\n<meta property=\"og:title\" content=\"Cookies policy - David Trotzig\" \/>\n<meta property=\"og:description\" content=\"Denna webbplats, som \u00e4gs av David Trotzig, psykoterapeut, anv\u00e4nder cookies och andra liknande tekniker f\u00f6r att f\u00f6rb\u00e4ttra din webbupplevelse och ge dig en mer personlig service. Genom att komma \u00e5t och anv\u00e4nda denna webbplats samtycker du till anv\u00e4ndningen av cookies i enlighet med detta juridiska meddelande. Om du inte samtycker till anv\u00e4ndningen av dessa cookies, [&hellip;]\" \/>\n<meta property=\"og:url\" content=\"https:\/\/davidtrotzig.com\/sv\/cookies-policy\/\" \/>\n<meta property=\"og:site_name\" content=\"David Trotzig\" \/>\n<meta property=\"article:modified_time\" content=\"2024-04-15T11:12:44+00:00\" \/>\n<meta property=\"og:image\" content=\"https:\/\/davidtrotzig.com\/wp-content\/uploads\/2024\/02\/david-trotzig_psicoterapeuta-logo.png\" \/>\n\t<meta property=\"og:image:width\" content=\"1408\" \/>\n\t<meta property=\"og:image:height\" content=\"391\" \/>\n\t<meta property=\"og:image:type\" content=\"image\/png\" \/>\n<meta name=\"twitter:card\" content=\"summary_large_image\" \/>\n<meta name=\"twitter:label1\" content=\"Ber\u00e4knad l\u00e4stid\" \/>\n\t<meta name=\"twitter:data1\" content=\"2 minuter\" \/>\n<script type=\"application\/ld+json\" class=\"yoast-schema-graph\">{\"@context\":\"https:\/\/schema.org\",\"@graph\":[{\"@type\":\"WebPage\",\"@id\":\"https:\/\/davidtrotzig.com\/sv\/cookies-policy\/\",\"url\":\"https:\/\/davidtrotzig.com\/sv\/cookies-policy\/\",\"name\":\"Cookies policy - David Trotzig\",\"isPartOf\":{\"@id\":\"https:\/\/davidtrotzig.com\/sv\/#website\"},\"datePublished\":\"2024-03-14T13:56:11+00:00\",\"dateModified\":\"2024-04-15T11:12:44+00:00\",\"breadcrumb\":{\"@id\":\"https:\/\/davidtrotzig.com\/sv\/cookies-policy\/#breadcrumb\"},\"inLanguage\":\"sv-SE\",\"potentialAction\":[{\"@type\":\"ReadAction\",\"target\":[\"https:\/\/davidtrotzig.com\/sv\/cookies-policy\/\"]}]},{\"@type\":\"BreadcrumbList\",\"@id\":\"https:\/\/davidtrotzig.com\/sv\/cookies-policy\/#breadcrumb\",\"itemListElement\":[{\"@type\":\"ListItem\",\"position\":1,\"name\":\"Portada\",\"item\":\"https:\/\/davidtrotzig.com\/sv\/\"},{\"@type\":\"ListItem\",\"position\":2,\"name\":\"Cookies policy\"}]},{\"@type\":\"WebSite\",\"@id\":\"https:\/\/davidtrotzig.com\/sv\/#website\",\"url\":\"https:\/\/davidtrotzig.com\/sv\/\",\"name\":\"David Trotzig\",\"description\":\"Psicoterapeuta especializado en terapia del trauma y terapia psicocorporal\",\"potentialAction\":[{\"@type\":\"SearchAction\",\"target\":{\"@type\":\"EntryPoint\",\"urlTemplate\":\"https:\/\/davidtrotzig.com\/sv\/?s={search_term_string}\"},\"query-input\":\"required name=search_term_string\"}],\"inLanguage\":\"sv-SE\"}]}<\/script>\n<!-- \/ Yoast SEO plugin. -->","yoast_head_json":{"title":"Cookies policy - David Trotzig","robots":{"index":"index","follow":"follow","max-snippet":"max-snippet:-1","max-image-preview":"max-image-preview:large","max-video-preview":"max-video-preview:-1"},"canonical":"https:\/\/davidtrotzig.com\/sv\/cookies-policy\/","og_locale":"sv_SE","og_type":"article","og_title":"Cookies policy - David Trotzig","og_description":"Denna webbplats, som \u00e4gs av David Trotzig, psykoterapeut, anv\u00e4nder cookies och andra liknande tekniker f\u00f6r att f\u00f6rb\u00e4ttra din webbupplevelse och ge dig en mer personlig service. Genom att komma \u00e5t och anv\u00e4nda denna webbplats samtycker du till anv\u00e4ndningen av cookies i enlighet med detta juridiska meddelande. Om du inte samtycker till anv\u00e4ndningen av dessa cookies, [&hellip;]","og_url":"https:\/\/davidtrotzig.com\/sv\/cookies-policy\/","og_site_name":"David Trotzig","article_modified_time":"2024-04-15T11:12:44+00:00","og_image":[{"width":1408,"height":391,"url":"https:\/\/davidtrotzig.com\/wp-content\/uploads\/2024\/02\/david-trotzig_psicoterapeuta-logo.png","type":"image\/png"}],"twitter_card":"summary_large_image","twitter_misc":{"Ber\u00e4knad l\u00e4stid":"2 minuter"},"schema":{"@context":"https:\/\/schema.org","@graph":[{"@type":"WebPage","@id":"https:\/\/davidtrotzig.com\/sv\/cookies-policy\/","url":"https:\/\/davidtrotzig.com\/sv\/cookies-policy\/","name":"Cookies policy - David Trotzig","isPartOf":{"@id":"https:\/\/davidtrotzig.com\/sv\/#website"},"datePublished":"2024-03-14T13:56:11+00:00","dateModified":"2024-04-15T11:12:44+00:00","breadcrumb":{"@id":"https:\/\/davidtrotzig.com\/sv\/cookies-policy\/#breadcrumb"},"inLanguage":"sv-SE","potentialAction":[{"@type":"ReadAction","target":["https:\/\/davidtrotzig.com\/sv\/cookies-policy\/"]}]},{"@type":"BreadcrumbList","@id":"https:\/\/davidtrotzig.com\/sv\/cookies-policy\/#breadcrumb","itemListElement":[{"@type":"ListItem","position":1,"name":"Portada","item":"https:\/\/davidtrotzig.com\/sv\/"},{"@type":"ListItem","position":2,"name":"Cookies policy"}]},{"@type":"WebSite","@id":"https:\/\/davidtrotzig.com\/sv\/#website","url":"https:\/\/davidtrotzig.com\/sv\/","name":"David Trotzig","description":"Psicoterapeuta especializado en terapia del trauma y terapia psicocorporal","potentialAction":[{"@type":"SearchAction","target":{"@type":"EntryPoint","urlTemplate":"https:\/\/davidtrotzig.com\/sv\/?s={search_term_string}"},"query-input":"required name=search_term_string"}],"inLanguage":"sv-SE"}]}},"_links":{"self":[{"href":"https:\/\/davidtrotzig.com\/sv\/wp-json\/wp\/v2\/pages\/931","targetHints":{"allow":["GET"]}}],"collection":[{"href":"https:\/\/davidtrotzig.com\/sv\/wp-json\/wp\/v2\/pages"}],"about":[{"href":"https:\/\/davidtrotzig.com\/sv\/wp-json\/wp\/v2\/types\/page"}],"author":[{"embeddable":true,"href":"https:\/\/davidtrotzig.com\/sv\/wp-json\/wp\/v2\/users\/1"}],"replies":[{"embeddable":true,"href":"https:\/\/davidtrotzig.com\/sv\/wp-json\/wp\/v2\/comments?post=931"}],"version-history":[{"count":1,"href":"https:\/\/davidtrotzig.com\/sv\/wp-json\/wp\/v2\/pages\/931\/revisions"}],"predecessor-version":[{"id":932,"href":"https:\/\/davidtrotzig.com\/sv\/wp-json\/wp\/v2\/pages\/931\/revisions\/932"}],"wp:attachment":[{"href":"https:\/\/davidtrotzig.com\/sv\/wp-json\/wp\/v2\/media?parent=931"}],"curies":[{"name":"wp","href":"https:\/\/api.w.org\/{rel}","templated":true}]}}