{"id":933,"date":"2024-02-26T14:48:10","date_gmt":"2024-02-26T13:48:10","guid":{"rendered":"https:\/\/davidtrotzig.com\/integritetspolicy\/"},"modified":"2024-04-15T13:22:41","modified_gmt":"2024-04-15T11:22:41","slug":"integritetspolicy","status":"publish","type":"page","link":"https:\/\/davidtrotzig.com\/sv\/integritetspolicy\/","title":{"rendered":"Integritetspolicy"},"content":{"rendered":"\n<p>Detta juridiska meddelande beskriver hur David Trotzig, psykoterapeut, behandlar och skyddar dina personuppgifter i enlighet med EU:s (EU) dataskyddsbest\u00e4mmelser. Genom att komma \u00e5t och anv\u00e4nda denna webbplats samtycker du till behandlingen av dina personuppgifter i enlighet med detta juridiska meddelande. Om du inte samtycker till behandlingen av dina personuppgifter p\u00e5 detta s\u00e4tt, v\u00e4nligen avst\u00e5 fr\u00e5n att anv\u00e4nda denna webbplats.<\/p>\n\n<h4 class=\"wp-block-heading\">personuppgiftsansvarig<\/h4>\n\n<p>Den person som \u00e4r ansvarig f\u00f6r behandlingen av dina personuppgifter \u00e4r:<\/p>\n\n<p>David Trotzig, psykoterapeut, vars adress \u00e4r Org\u00f2, Centre Cl\u00ednic Reichi\u00e0, C\/ Travessera de Gr\u00e0cia, 278-280, entres\u00f2l. 08025, Barcelona.<\/p>\n\n<h4 class=\"wp-block-heading\">Insamlade personuppgifter<\/h4>\n\n<p>Vi kan samla in och behandla f\u00f6ljande personuppgifter om dig:<\/p>\n\n<ul class=\"wp-block-list\">\n<li>Kontaktinformation, s\u00e5som namn, e-postadress och telefonnummer, som du uppger genom att fylla i formul\u00e4r p\u00e5 webbplatsen eller genom att kommunicera med oss \u200b\u200bvia e-post eller p\u00e5 annat s\u00e4tt.<\/li>\n\n\n\n<li>Demografisk information, s\u00e5som din \u00e5lder, k\u00f6n, yrke och all annan relevant information som du v\u00e4ljer att frivilligt tillhandah\u00e5lla.<\/li>\n\n\n\n<li>Teknisk information, s\u00e5som din enhets IP-adress, vilken typ av webbl\u00e4sare du anv\u00e4nder, din geografiska plats och annan sp\u00e5rningsdata som samlas in automatiskt n\u00e4r du bes\u00f6ker v\u00e5r webbplats.<\/li>\n<\/ul>\n\n<h4 class=\"wp-block-heading\">Syfte med databehandling<\/h4>\n\n<p>Vi anv\u00e4nder dina personuppgifter f\u00f6r f\u00f6ljande \u00e4ndam\u00e5l:<\/p>\n\n<ul class=\"wp-block-list\">\n<li>F\u00f6r att svara p\u00e5 dina fr\u00e5gor och ge dig information om v\u00e5ra tj\u00e4nster.<\/li>\n\n\n\n<li>F\u00f6r att hantera och administrera din tid som patient, om du best\u00e4mmer dig f\u00f6r att be om v\u00e5ra tj\u00e4nster.<\/li>\n\n\n\n<li>F\u00f6r att f\u00f6rb\u00e4ttra och anpassa din upplevelse p\u00e5 v\u00e5r webbplats.<\/li>\n\n\n\n<li>F\u00f6r att f\u00f6lja v\u00e5ra juridiska och regulatoriska skyldigheter.<\/li>\n<\/ul>\n\n<h4 class=\"wp-block-heading\">Laglig grund f\u00f6r databehandling<\/h4>\n\n<p>Vi behandlar dina personuppgifter baserat p\u00e5 en eller flera av f\u00f6ljande r\u00e4ttsliga grunder:<\/p>\n\n<ul class=\"wp-block-list\">\n<li>Ditt uttryckliga samtycke till databehandling, n\u00e4r s\u00e5 kr\u00e4vs enligt lag.<\/li>\n\n\n\n<li>Behovet av att behandla dina uppgifter f\u00f6r att utf\u00f6ra ett avtal som du \u00e4r part i, eller f\u00f6r att vidta \u00e5tg\u00e4rder p\u00e5 din beg\u00e4ran innan ett avtal ing\u00e5s.<\/li>\n\n\n\n<li>V\u00e5rt legitima intresse av att hantera och f\u00f6rb\u00e4ttra v\u00e5r webbplats och tj\u00e4nster, f\u00f6rutsatt att dina intressen och grundl\u00e4ggande r\u00e4ttigheter inte p\u00e5verkas.<\/li>\n<\/ul>\n\n<h4 class=\"wp-block-heading\">Datas\u00e4kerhet<\/h4>\n\n<p>Vi vidtar rimliga \u00e5tg\u00e4rder f\u00f6r att skydda dina personuppgifter mot f\u00f6rlust, missbruk och obeh\u00f6rig \u00e5tkomst. Observera dock att ingen metod f\u00f6r \u00f6verf\u00f6ring \u00f6ver Internet eller elektronisk lagring \u00e4r helt s\u00e4ker, och vi kan inte garantera den absoluta s\u00e4kerheten f\u00f6r dina data.<\/p>\n\n<h4 class=\"wp-block-heading\">Utl\u00e4mnande av personuppgifter<\/h4>\n\n<p>Vi kan komma att l\u00e4mna ut dina personuppgifter till tredje part under f\u00f6ljande omst\u00e4ndigheter:<\/p>\n\n<ul class=\"wp-block-list\">\n<li>N\u00e4r det \u00e4r n\u00f6dv\u00e4ndigt f\u00f6r att f\u00f6lja en laglig eller regulatorisk skyldighet.<\/li>\n\n\n\n<li>Med ditt uttryckliga samtycke.<\/li>\n\n\n\n<li>Till externa tj\u00e4nsteleverant\u00f6rer som hj\u00e4lper oss att driva v\u00e5r webbplats eller tillhandah\u00e5lla v\u00e5ra tj\u00e4nster, s\u00e5 l\u00e4nge de f\u00f6ljer dataskyddsbest\u00e4mmelserna.<\/li>\n<\/ul>\n\n<h4 class=\"wp-block-heading\">Dina dataskyddsr\u00e4ttigheter<\/h4>\n\n<p>Du har vissa r\u00e4ttigheter i f\u00f6rh\u00e5llande till dina personuppgifter, inklusive r\u00e4tten att f\u00e5 tillg\u00e5ng till, r\u00e4tta, radera och begr\u00e4nsa behandlingen av dina uppgifter. Du har ocks\u00e5 r\u00e4tt att inv\u00e4nda mot behandlingen av dina uppgifter under vissa omst\u00e4ndigheter. F\u00f6r att ut\u00f6va dina r\u00e4ttigheter, v\u00e4nligen kontakta oss med hj\u00e4lp av uppgifterna i slutet av detta juridiska meddelande.<\/p>\n\n<h4 class=\"wp-block-heading\">\u00c4ndringar i integritetspolicyn<\/h4>\n\n<p>Vi f\u00f6rbeh\u00e5ller oss r\u00e4tten att \u00e4ndra denna integritetspolicy n\u00e4r som helst, s\u00e5 vi rekommenderar att du granskar den med j\u00e4mna mellanrum f\u00f6r att bli informerad om hur vi skyddar och anv\u00e4nder dina personuppgifter.<\/p>\n\n<p>Genom att anv\u00e4nda denna webbplats samtycker du till behandlingen av dina personuppgifter i enlighet med detta juridiska meddelande. Om du har n\u00e5gra fr\u00e5gor eller funderingar kring v\u00e5r anv\u00e4ndning av dina personuppgifter, v\u00e4nligen kontakta oss.<\/p>\n\n<p>Senaste uppdatering: 2024-09-04<\/p>\n\n<p>F\u00f6r alla fr\u00e5gor eller f\u00f6rfr\u00e5gningar som r\u00f6r detta juridiska meddelande kan du kontakta oss p\u00e5:<\/p>\n\n<p>Org\u00f2, Centre Cl\u00ednic Reichi\u00e0, C\/ Travessera de Gr\u00e0cia, 278-280, entres\u00f2l. 08025, Barcelona<\/p>\n\n<p>davidtrotzig@gmail.cm<\/p>\n\n<p>+34 650031918<\/p>\n","protected":false},"excerpt":{"rendered":"<p>Detta juridiska meddelande beskriver hur David Trotzig, psykoterapeut, behandlar och skyddar dina personuppgifter i enlighet med EU:s (EU) dataskyddsbest\u00e4mmelser. Genom att komma \u00e5t och anv\u00e4nda denna webbplats samtycker du till behandlingen av dina personuppgifter i enlighet med detta juridiska meddelande. Om du inte samtycker till behandlingen av dina personuppgifter p\u00e5 detta s\u00e4tt, v\u00e4nligen avst\u00e5 fr\u00e5n [&hellip;]<\/p>\n","protected":false},"author":1,"featured_media":0,"parent":0,"menu_order":0,"comment_status":"closed","ping_status":"closed","template":"","meta":{"_monsterinsights_skip_tracking":false,"_monsterinsights_sitenote_active":false,"_monsterinsights_sitenote_note":"","_monsterinsights_sitenote_category":0,"footnotes":""},"class_list":["post-933","page","type-page","status-publish","hentry"],"yoast_head":"<!-- This site is optimized with the Yoast SEO plugin v22.6 - https:\/\/yoast.com\/wordpress\/plugins\/seo\/ -->\n<title>Integritetspolicy - David Trotzig<\/title>\n<meta name=\"robots\" content=\"index, follow, max-snippet:-1, max-image-preview:large, max-video-preview:-1\" \/>\n<link rel=\"canonical\" href=\"https:\/\/davidtrotzig.com\/sv\/integritetspolicy\/\" \/>\n<meta property=\"og:locale\" content=\"sv_SE\" \/>\n<meta property=\"og:type\" content=\"article\" \/>\n<meta property=\"og:title\" content=\"Integritetspolicy - David Trotzig\" \/>\n<meta property=\"og:description\" content=\"Detta juridiska meddelande beskriver hur David Trotzig, psykoterapeut, behandlar och skyddar dina personuppgifter i enlighet med EU:s (EU) dataskyddsbest\u00e4mmelser. Genom att komma \u00e5t och anv\u00e4nda denna webbplats samtycker du till behandlingen av dina personuppgifter i enlighet med detta juridiska meddelande. Om du inte samtycker till behandlingen av dina personuppgifter p\u00e5 detta s\u00e4tt, v\u00e4nligen avst\u00e5 fr\u00e5n [&hellip;]\" \/>\n<meta property=\"og:url\" content=\"https:\/\/davidtrotzig.com\/sv\/integritetspolicy\/\" \/>\n<meta property=\"og:site_name\" content=\"David Trotzig\" \/>\n<meta property=\"article:modified_time\" content=\"2024-04-15T11:22:41+00:00\" \/>\n<meta property=\"og:image\" content=\"https:\/\/davidtrotzig.com\/wp-content\/uploads\/2024\/02\/david-trotzig_psicoterapeuta-logo.png\" \/>\n\t<meta property=\"og:image:width\" content=\"1408\" \/>\n\t<meta property=\"og:image:height\" content=\"391\" \/>\n\t<meta property=\"og:image:type\" content=\"image\/png\" \/>\n<meta name=\"twitter:card\" content=\"summary_large_image\" \/>\n<meta name=\"twitter:label1\" content=\"Ber\u00e4knad l\u00e4stid\" \/>\n\t<meta name=\"twitter:data1\" content=\"3 minuter\" \/>\n<script type=\"application\/ld+json\" class=\"yoast-schema-graph\">{\"@context\":\"https:\/\/schema.org\",\"@graph\":[{\"@type\":\"WebPage\",\"@id\":\"https:\/\/davidtrotzig.com\/sv\/integritetspolicy\/\",\"url\":\"https:\/\/davidtrotzig.com\/sv\/integritetspolicy\/\",\"name\":\"Integritetspolicy - David Trotzig\",\"isPartOf\":{\"@id\":\"https:\/\/davidtrotzig.com\/sv\/#website\"},\"datePublished\":\"2024-02-26T13:48:10+00:00\",\"dateModified\":\"2024-04-15T11:22:41+00:00\",\"breadcrumb\":{\"@id\":\"https:\/\/davidtrotzig.com\/sv\/integritetspolicy\/#breadcrumb\"},\"inLanguage\":\"sv-SE\",\"potentialAction\":[{\"@type\":\"ReadAction\",\"target\":[\"https:\/\/davidtrotzig.com\/sv\/integritetspolicy\/\"]}]},{\"@type\":\"BreadcrumbList\",\"@id\":\"https:\/\/davidtrotzig.com\/sv\/integritetspolicy\/#breadcrumb\",\"itemListElement\":[{\"@type\":\"ListItem\",\"position\":1,\"name\":\"Portada\",\"item\":\"https:\/\/davidtrotzig.com\/sv\/\"},{\"@type\":\"ListItem\",\"position\":2,\"name\":\"Integritetspolicy\"}]},{\"@type\":\"WebSite\",\"@id\":\"https:\/\/davidtrotzig.com\/sv\/#website\",\"url\":\"https:\/\/davidtrotzig.com\/sv\/\",\"name\":\"David Trotzig\",\"description\":\"Psicoterapeuta especializado en terapia del trauma y terapia psicocorporal\",\"potentialAction\":[{\"@type\":\"SearchAction\",\"target\":{\"@type\":\"EntryPoint\",\"urlTemplate\":\"https:\/\/davidtrotzig.com\/sv\/?s={search_term_string}\"},\"query-input\":\"required name=search_term_string\"}],\"inLanguage\":\"sv-SE\"}]}<\/script>\n<!-- \/ Yoast SEO plugin. -->","yoast_head_json":{"title":"Integritetspolicy - David Trotzig","robots":{"index":"index","follow":"follow","max-snippet":"max-snippet:-1","max-image-preview":"max-image-preview:large","max-video-preview":"max-video-preview:-1"},"canonical":"https:\/\/davidtrotzig.com\/sv\/integritetspolicy\/","og_locale":"sv_SE","og_type":"article","og_title":"Integritetspolicy - David Trotzig","og_description":"Detta juridiska meddelande beskriver hur David Trotzig, psykoterapeut, behandlar och skyddar dina personuppgifter i enlighet med EU:s (EU) dataskyddsbest\u00e4mmelser. Genom att komma \u00e5t och anv\u00e4nda denna webbplats samtycker du till behandlingen av dina personuppgifter i enlighet med detta juridiska meddelande. Om du inte samtycker till behandlingen av dina personuppgifter p\u00e5 detta s\u00e4tt, v\u00e4nligen avst\u00e5 fr\u00e5n [&hellip;]","og_url":"https:\/\/davidtrotzig.com\/sv\/integritetspolicy\/","og_site_name":"David Trotzig","article_modified_time":"2024-04-15T11:22:41+00:00","og_image":[{"width":1408,"height":391,"url":"https:\/\/davidtrotzig.com\/wp-content\/uploads\/2024\/02\/david-trotzig_psicoterapeuta-logo.png","type":"image\/png"}],"twitter_card":"summary_large_image","twitter_misc":{"Ber\u00e4knad l\u00e4stid":"3 minuter"},"schema":{"@context":"https:\/\/schema.org","@graph":[{"@type":"WebPage","@id":"https:\/\/davidtrotzig.com\/sv\/integritetspolicy\/","url":"https:\/\/davidtrotzig.com\/sv\/integritetspolicy\/","name":"Integritetspolicy - David Trotzig","isPartOf":{"@id":"https:\/\/davidtrotzig.com\/sv\/#website"},"datePublished":"2024-02-26T13:48:10+00:00","dateModified":"2024-04-15T11:22:41+00:00","breadcrumb":{"@id":"https:\/\/davidtrotzig.com\/sv\/integritetspolicy\/#breadcrumb"},"inLanguage":"sv-SE","potentialAction":[{"@type":"ReadAction","target":["https:\/\/davidtrotzig.com\/sv\/integritetspolicy\/"]}]},{"@type":"BreadcrumbList","@id":"https:\/\/davidtrotzig.com\/sv\/integritetspolicy\/#breadcrumb","itemListElement":[{"@type":"ListItem","position":1,"name":"Portada","item":"https:\/\/davidtrotzig.com\/sv\/"},{"@type":"ListItem","position":2,"name":"Integritetspolicy"}]},{"@type":"WebSite","@id":"https:\/\/davidtrotzig.com\/sv\/#website","url":"https:\/\/davidtrotzig.com\/sv\/","name":"David Trotzig","description":"Psicoterapeuta especializado en terapia del trauma y terapia psicocorporal","potentialAction":[{"@type":"SearchAction","target":{"@type":"EntryPoint","urlTemplate":"https:\/\/davidtrotzig.com\/sv\/?s={search_term_string}"},"query-input":"required name=search_term_string"}],"inLanguage":"sv-SE"}]}},"_links":{"self":[{"href":"https:\/\/davidtrotzig.com\/sv\/wp-json\/wp\/v2\/pages\/933","targetHints":{"allow":["GET"]}}],"collection":[{"href":"https:\/\/davidtrotzig.com\/sv\/wp-json\/wp\/v2\/pages"}],"about":[{"href":"https:\/\/davidtrotzig.com\/sv\/wp-json\/wp\/v2\/types\/page"}],"author":[{"embeddable":true,"href":"https:\/\/davidtrotzig.com\/sv\/wp-json\/wp\/v2\/users\/1"}],"replies":[{"embeddable":true,"href":"https:\/\/davidtrotzig.com\/sv\/wp-json\/wp\/v2\/comments?post=933"}],"version-history":[{"count":1,"href":"https:\/\/davidtrotzig.com\/sv\/wp-json\/wp\/v2\/pages\/933\/revisions"}],"predecessor-version":[{"id":934,"href":"https:\/\/davidtrotzig.com\/sv\/wp-json\/wp\/v2\/pages\/933\/revisions\/934"}],"wp:attachment":[{"href":"https:\/\/davidtrotzig.com\/sv\/wp-json\/wp\/v2\/media?parent=933"}],"curies":[{"name":"wp","href":"https:\/\/api.w.org\/{rel}","templated":true}]}}